{"id":3,"date":"2025-02-04T19:10:43","date_gmt":"2025-02-04T19:10:43","guid":{"rendered":"http:\/\/altius.com.uy\/?page_id=3"},"modified":"2025-05-29T15:21:24","modified_gmt":"2025-05-29T18:21:24","slug":"privacy-policy","status":"publish","type":"page","link":"https:\/\/altius.com.uy\/en\/privacy-policy\/","title":{"rendered":"Privacy Policy"},"content":{"rendered":"<h2 class=\"wp-block-heading\">Who we are<\/h2>\n\n\n\n<p>Our site is at: https:\/\/altius.com.uy<\/p>\n\n\n\n<h2 class=\"wp-block-heading\">Comments<\/h2>\n\n\n\n<p>When visitors leave comments on the site, we collect the data displayed in the comment form, as well as the visitor's IP address and browser user agent string to facilitate spam detection.\n\nAn anonymized string (also called a hash) created from your email address may be provided to the Gravatar service to verify whether you are using it. The Gravatar service's privacy policy is available here: https:\/\/automattic.com\/privacy\/. After approval of your comment, your profile picture will be publicly visible within the context of your comment.<\/p>\n\n\n\n<h2 class=\"wp-block-heading\">Media<\/h2>\n\n\n\n<p>If you upload images to the website, avoid uploading images with embedded location data (EXIF GPS). Website visitors can download and extract any location data from the images.<\/p>\n\n\n\n<h2 class=\"wp-block-heading\">Cookies<\/h2>\n\n\n\n<p>If you leave a comment on our site, you may opt-in to saving your name, email address, and website in cookies. These are for your convenience so you don't have to re-enter your details when you leave another comment. These cookies last for one year.\n\nIf you visit our login page, we will set a temporary cookie to determine if your browser accepts cookies. This cookie contains no personal data and is deleted when you close your browser.\n\nWhen you log in, we will also set several cookies to save your login information and your screen display choices. Login cookies last for two days, and screen options cookies last for one year. If you select \"Remember Me,\" your login will be retained for two weeks. If you log out, the login cookies will be deleted.\n\nIf you edit or publish an article, an additional cookie will be saved in your browser. This cookie contains no personal data and simply indicates the post ID of the article you just edited. It expires the next day.<\/p>\n\n\n\n<h2 class=\"wp-block-heading\">Embedded content from other sites<\/h2>\n\n\n\n<p>Los art\u00edculos de este sitio pueden incluir contenido incrustado (p. ej., v\u00eddeos, im\u00e1genes, art\u00edculos, etc.). El contenido incrustado de otros sitios web se comporta exactamente igual que si el visitante hubiera visitado el otro sitio web.\n\nEstos sitios web pueden recopilar datos sobre usted, utilizar cookies, integrar seguimiento adicional de terceros y supervisar su interacci\u00f3n con dicho contenido incrustado, incluyendo el seguimiento de su interacci\u00f3n con dicho contenido si tiene una cuenta y ha iniciado sesi\u00f3n en ese sitio web.<\/p>\n\n\n\n<h2 class=\"wp-block-heading\">\u00bfCon qui\u00e9n compartimos tus datos?<\/h2>\n\n\n\n<p>Si solicita un restablecimiento de contrase\u00f1a, su direcci\u00f3n IP se incluir\u00e1 en el correo electr\u00f3nico de restablecimiento.<\/p>\n\n\n\n<h2 class=\"wp-block-heading\">\u00bfCu\u00e1nto tiempo conservamos tus datos?<\/h2>\n\n\n\n<p>Si dejas un comentario, este y sus metadatos se conservan indefinidamente. Esto nos permite reconocer y aprobar autom\u00e1ticamente cualquier comentario posterior, en lugar de mantenerlo en cola de moderaci\u00f3n.\n\nDe los usuarios que se registran en nuestro sitio web (si los hay), tambi\u00e9n almacenamos la informaci\u00f3n personal que proporcionan en su perfil de usuario. Todos los usuarios pueden ver, editar o eliminar su informaci\u00f3n personal en cualquier momento (excepto que no pueden cambiar su nombre de usuario). Los administradores del sitio web tambi\u00e9n pueden ver y editar dicha informaci\u00f3n.<\/p>\n\n\n\n<p><\/p>\n\n\n\n<h2 class=\"wp-block-heading\">\u00bfQu\u00e9 derechos tienes sobre tus datos?<\/h2>\n\n\n\n<p>Si tiene una cuenta en este sitio o ha dejado comentarios, puede solicitar un archivo exportado de los datos personales que tenemos sobre usted, incluyendo cualquier dato que nos haya proporcionado. Tambi\u00e9n puede solicitar que eliminemos cualquier dato personal que tengamos sobre usted. Esto no incluye los datos que estemos obligados a conservar con fines administrativos, legales o de seguridad.<\/p>\n\n\n\n<h2 class=\"wp-block-heading\">\u00bfA d\u00f3nde se env\u00edan sus datos?<\/h2>\n\n\n\n<p>Los comentarios de los visitantes pueden revisarse a trav\u00e9s de un servicio de detecci\u00f3n autom\u00e1tica de spam.<\/p>","protected":false},"excerpt":{"rendered":"<p>Qui\u00e9nes somos Nuestro sitio est\u00e1 en: https:\/\/altius.com.uy. Comentarios Cuando los visitantes dejan comentarios en el sitio, recopilamos los datos que se muestran en el formulario de comentarios, as\u00ed como la direcci\u00f3n IP del visitante y la cadena de agente de usuario del navegador para facilitar la detecci\u00f3n de spam. Es posible que se proporcione al [&hellip;]<\/p>","protected":false},"author":1,"featured_media":0,"parent":0,"menu_order":0,"comment_status":"closed","ping_status":"open","template":"","meta":{"_acf_changed":false,"_et_pb_use_builder":"","_et_pb_old_content":"","_et_gb_content_width":"","content-type":"","_joinchat":[],"footnotes":""},"class_list":["post-3","page","type-page","status-publish","format-standard","hentry"],"acf":[],"yoast_head":"<!-- This site is optimized with the Yoast SEO Premium plugin v26.3 (Yoast SEO v26.4) - https:\/\/yoast.com\/wordpress\/plugins\/seo\/ -->\n<title>Pol\u00edtica de privacidad - Altius Group<\/title>\n<meta name=\"robots\" content=\"index, follow, max-snippet:-1, max-image-preview:large, max-video-preview:-1\" \/>\n<link rel=\"canonical\" href=\"https:\/\/altius.com.uy\/en\/privacy-policy\/\" \/>\n<meta property=\"og:locale\" content=\"en_US\" \/>\n<meta property=\"og:type\" content=\"article\" \/>\n<meta property=\"og:title\" content=\"Pol\u00edtica de privacidad\" \/>\n<meta property=\"og:description\" content=\"Qui\u00e9nes somos Nuestro sitio est\u00e1 en: https:\/\/altius.com.uy. Comentarios Cuando los visitantes dejan comentarios en el sitio, recopilamos los datos que se muestran en el formulario de comentarios, as\u00ed como la direcci\u00f3n IP del visitante y la cadena de agente de usuario del navegador para facilitar la detecci\u00f3n de spam. Es posible que se proporcione al [&hellip;]\" \/>\n<meta property=\"og:url\" content=\"https:\/\/altius.com.uy\/en\/privacy-policy\/\" \/>\n<meta property=\"og:site_name\" content=\"Altius Group\" \/>\n<meta property=\"article:publisher\" content=\"https:\/\/www.facebook.com\/altiusgroup\/?locale=es_LA\" \/>\n<meta property=\"article:modified_time\" content=\"2025-05-29T18:21:24+00:00\" \/>\n<meta name=\"twitter:card\" content=\"summary_large_image\" \/>\n<script type=\"application\/ld+json\" class=\"yoast-schema-graph\">{\"@context\":\"https:\/\/schema.org\",\"@graph\":[{\"@type\":\"WebPage\",\"@id\":\"https:\/\/altius.com.uy\/privacy-policy\/\",\"url\":\"https:\/\/altius.com.uy\/privacy-policy\/\",\"name\":\"Pol\u00edtica de privacidad - Altius Group\",\"isPartOf\":{\"@id\":\"https:\/\/altius.com.uy\/#website\"},\"datePublished\":\"2025-02-04T19:10:43+00:00\",\"dateModified\":\"2025-05-29T18:21:24+00:00\",\"breadcrumb\":{\"@id\":\"https:\/\/altius.com.uy\/privacy-policy\/#breadcrumb\"},\"inLanguage\":\"en-US\",\"potentialAction\":[{\"@type\":\"ReadAction\",\"target\":[\"https:\/\/altius.com.uy\/privacy-policy\/\"]}]},{\"@type\":\"BreadcrumbList\",\"@id\":\"https:\/\/altius.com.uy\/privacy-policy\/#breadcrumb\",\"itemListElement\":[{\"@type\":\"ListItem\",\"position\":1,\"name\":\"Home\",\"item\":\"https:\/\/altius.com.uy\/\"},{\"@type\":\"ListItem\",\"position\":2,\"name\":\"Pol\u00edtica de privacidad\"}]},{\"@type\":\"WebSite\",\"@id\":\"https:\/\/altius.com.uy\/#website\",\"url\":\"https:\/\/altius.com.uy\/\",\"name\":\"Altius Group\",\"description\":\"CONSTRUIMOS\",\"publisher\":{\"@id\":\"https:\/\/altius.com.uy\/#organization\"},\"potentialAction\":[{\"@type\":\"SearchAction\",\"target\":{\"@type\":\"EntryPoint\",\"urlTemplate\":\"https:\/\/altius.com.uy\/?s={search_term_string}\"},\"query-input\":{\"@type\":\"PropertyValueSpecification\",\"valueRequired\":true,\"valueName\":\"search_term_string\"}}],\"inLanguage\":\"en-US\"},{\"@type\":\"Organization\",\"@id\":\"https:\/\/altius.com.uy\/#organization\",\"name\":\"Altius Group\",\"url\":\"https:\/\/altius.com.uy\/\",\"logo\":{\"@type\":\"ImageObject\",\"inLanguage\":\"en-US\",\"@id\":\"https:\/\/altius.com.uy\/#\/schema\/logo\/image\/\",\"url\":\"https:\/\/altius.com.uy\/wp-content\/uploads\/2025\/02\/cropped-512x512-1.png\",\"contentUrl\":\"https:\/\/altius.com.uy\/wp-content\/uploads\/2025\/02\/cropped-512x512-1.png\",\"width\":512,\"height\":512,\"caption\":\"Altius Group\"},\"image\":{\"@id\":\"https:\/\/altius.com.uy\/#\/schema\/logo\/image\/\"},\"sameAs\":[\"https:\/\/www.facebook.com\/altiusgroup\/?locale=es_LA\",\"https:\/\/www.instagram.com\/altius.group\/\",\"https:\/\/uy.linkedin.com\/company\/altius-group-uruguay\",\"https:\/\/www.youtube.com\/channel\/UCb8lYddbc0jewUUaD6VFyUA\"]}]}<\/script>\n<!-- \/ Yoast SEO Premium plugin. -->","yoast_head_json":{"title":"Pol\u00edtica de privacidad - Altius Group","robots":{"index":"index","follow":"follow","max-snippet":"max-snippet:-1","max-image-preview":"max-image-preview:large","max-video-preview":"max-video-preview:-1"},"canonical":"https:\/\/altius.com.uy\/en\/privacy-policy\/","og_locale":"en_US","og_type":"article","og_title":"Pol\u00edtica de privacidad","og_description":"Qui\u00e9nes somos Nuestro sitio est\u00e1 en: https:\/\/altius.com.uy. Comentarios Cuando los visitantes dejan comentarios en el sitio, recopilamos los datos que se muestran en el formulario de comentarios, as\u00ed como la direcci\u00f3n IP del visitante y la cadena de agente de usuario del navegador para facilitar la detecci\u00f3n de spam. Es posible que se proporcione al [&hellip;]","og_url":"https:\/\/altius.com.uy\/en\/privacy-policy\/","og_site_name":"Altius Group","article_publisher":"https:\/\/www.facebook.com\/altiusgroup\/?locale=es_LA","article_modified_time":"2025-05-29T18:21:24+00:00","twitter_card":"summary_large_image","schema":{"@context":"https:\/\/schema.org","@graph":[{"@type":"WebPage","@id":"https:\/\/altius.com.uy\/privacy-policy\/","url":"https:\/\/altius.com.uy\/privacy-policy\/","name":"Pol\u00edtica de privacidad - Altius Group","isPartOf":{"@id":"https:\/\/altius.com.uy\/#website"},"datePublished":"2025-02-04T19:10:43+00:00","dateModified":"2025-05-29T18:21:24+00:00","breadcrumb":{"@id":"https:\/\/altius.com.uy\/privacy-policy\/#breadcrumb"},"inLanguage":"en-US","potentialAction":[{"@type":"ReadAction","target":["https:\/\/altius.com.uy\/privacy-policy\/"]}]},{"@type":"BreadcrumbList","@id":"https:\/\/altius.com.uy\/privacy-policy\/#breadcrumb","itemListElement":[{"@type":"ListItem","position":1,"name":"Home","item":"https:\/\/altius.com.uy\/"},{"@type":"ListItem","position":2,"name":"Pol\u00edtica de privacidad"}]},{"@type":"WebSite","@id":"https:\/\/altius.com.uy\/#website","url":"https:\/\/altius.com.uy\/","name":"Altius Group","description":"CONSTRUIMOS","publisher":{"@id":"https:\/\/altius.com.uy\/#organization"},"potentialAction":[{"@type":"SearchAction","target":{"@type":"EntryPoint","urlTemplate":"https:\/\/altius.com.uy\/?s={search_term_string}"},"query-input":{"@type":"PropertyValueSpecification","valueRequired":true,"valueName":"search_term_string"}}],"inLanguage":"en-US"},{"@type":"Organization","@id":"https:\/\/altius.com.uy\/#organization","name":"Altius Group","url":"https:\/\/altius.com.uy\/","logo":{"@type":"ImageObject","inLanguage":"en-US","@id":"https:\/\/altius.com.uy\/#\/schema\/logo\/image\/","url":"https:\/\/altius.com.uy\/wp-content\/uploads\/2025\/02\/cropped-512x512-1.png","contentUrl":"https:\/\/altius.com.uy\/wp-content\/uploads\/2025\/02\/cropped-512x512-1.png","width":512,"height":512,"caption":"Altius Group"},"image":{"@id":"https:\/\/altius.com.uy\/#\/schema\/logo\/image\/"},"sameAs":["https:\/\/www.facebook.com\/altiusgroup\/?locale=es_LA","https:\/\/www.instagram.com\/altius.group\/","https:\/\/uy.linkedin.com\/company\/altius-group-uruguay","https:\/\/www.youtube.com\/channel\/UCb8lYddbc0jewUUaD6VFyUA"]}]}},"_links":{"self":[{"href":"https:\/\/altius.com.uy\/en\/wp-json\/wp\/v2\/pages\/3","targetHints":{"allow":["GET"]}}],"collection":[{"href":"https:\/\/altius.com.uy\/en\/wp-json\/wp\/v2\/pages"}],"about":[{"href":"https:\/\/altius.com.uy\/en\/wp-json\/wp\/v2\/types\/page"}],"author":[{"embeddable":true,"href":"https:\/\/altius.com.uy\/en\/wp-json\/wp\/v2\/users\/1"}],"replies":[{"embeddable":true,"href":"https:\/\/altius.com.uy\/en\/wp-json\/wp\/v2\/comments?post=3"}],"version-history":[{"count":0,"href":"https:\/\/altius.com.uy\/en\/wp-json\/wp\/v2\/pages\/3\/revisions"}],"wp:attachment":[{"href":"https:\/\/altius.com.uy\/en\/wp-json\/wp\/v2\/media?parent=3"}],"curies":[{"name":"wp","href":"https:\/\/api.w.org\/{rel}","templated":true}]}}