{"id":6821,"date":"2025-02-20T17:27:19","date_gmt":"2025-02-20T20:27:19","guid":{"rendered":"http:\/\/altius.com.uy\/?page_id=6821"},"modified":"2025-04-02T14:53:04","modified_gmt":"2025-04-02T17:53:04","slug":"suenos-cumplidos","status":"publish","type":"page","link":"https:\/\/altius.com.uy\/en\/suenos-cumplidos\/","title":{"rendered":"Sue\u00f1os cumplidos"},"content":{"rendered":"<p>[et_pb_section fb_built=\u00bb1&#8243; module_class=\u00bbdh-valign-center-section\u00bb _builder_version=\u00bb4.16&#8243; use_background_color_gradient=\u00bbon\u00bb background_color_gradient_direction=\u00bb90deg\u00bb background_color_gradient_stops=\u00bbrgba(2,2,2,0.5) 0%|rgba(0,0,0,0) 100%\u00bb background_color_gradient_start=\u00bbrgba(2,2,2,0.5)\u00bb background_color_gradient_end=\u00bbrgba(0,0,0,0)\u00bb background_image=\u00bbhttps:\/\/altius.com.uy\/wp-content\/uploads\/2025\/02\/web-altius_Pa\u0301gina_1_Imagen_0015-1024&#215;697-1.jpg\u00bb background_blend=\u00bboverlay\u00bb module_alignment=\u00bbleft\u00bb min_height=\u00bb500px\u00bb min_height_tablet=\u00bb\u00bb min_height_phone=\u00bb\u00bb min_height_last_edited=\u00bbon|desktop\u00bb height=\u00bb600px\u00bb background_last_edited=\u00bbon|phone\u00bb parallax_tablet=\u00bboff\u00bb background_size_tablet=\u00bbcontain\u00bb background_position_phone=\u00bbtop_center\u00bb global_colors_info=\u00bb{}\u00bb][et_pb_row module_class=\u00bbdh-valign-center-section\u00bb _builder_version=\u00bb4.16&#8243; min_height=\u00bb740px\u00bb global_colors_info=\u00bb{}\u00bb][et_pb_column type=\u00bb4_4&#8243; _builder_version=\u00bb4.16&#8243; global_colors_info=\u00bb{}\u00bb][et_pb_text _builder_version=\u00bb4.16&#8243; header_font=\u00bb|700|||||||\u00bb header_text_color=\u00bb#ffffff\u00bb header_font_size=\u00bb60px\u00bb header_2_font=\u00bb|300|||||||\u00bb header_2_text_color=\u00bb#ffffff\u00bb header_2_font_size=\u00bb55px\u00bb global_colors_info=\u00bb{}\u00bb]<\/p>\n<h1>Sue\u00f1os<\/h1>\n<h2>cumplidos<\/h2>\n<p>[\/et_pb_text][et_pb_image src=\u00bbhttps:\/\/altius.com.uy\/wp-content\/uploads\/2025\/02\/20200115_Altius_logo-01_blanco_web_altiusgroup-01.svg\u00bb _builder_version=\u00bb4.16&#8243; width=\u00bb16%\u00bb module_alignment=\u00bbleft\u00bb global_colors_info=\u00bb{}\u00bb][\/et_pb_image][\/et_pb_column][\/et_pb_row][\/et_pb_section][et_pb_section fb_built=\u00bb1&#8243; _builder_version=\u00bb4.27.4&#8243; background_color=\u00bb#FFFFFF\u00bb global_colors_info=\u00bb{}\u00bb][et_pb_row _builder_version=\u00bb4.16&#8243; global_colors_info=\u00bb{}\u00bb][et_pb_column type=\u00bb4_4&#8243; _builder_version=\u00bb4.16&#8243; global_colors_info=\u00bb{}\u00bb][et_pb_text _builder_version=\u00bb4.16&#8243; text_font=\u00bbMontserrat|300|||||||\u00bb text_text_color=\u00bb#ffffff\u00bb text_font_size=\u00bb22px\u00bb text_line_height=\u00bb1.6em\u00bb header_font=\u00bbMontserrat|700||on|||||\u00bb header_text_color=\u00bb#ffffff\u00bb header_font_size=\u00bb38px\u00bb header_2_font=\u00bbMontserrat|300||on|||||\u00bb header_2_text_color=\u00bb#ffffff\u00bb header_2_font_size=\u00bb32px\u00bb header_4_font=\u00bb|300|||||||\u00bb header_4_font_size=\u00bb36px\u00bb header_4_letter_spacing=\u00bb1px\u00bb header_4_line_height=\u00bb1.5em\u00bb custom_padding=\u00bb||||false|false\u00bb header_4_font_size_tablet=\u00bb32px\u00bb header_4_font_size_phone=\u00bb28px\u00bb header_4_font_size_last_edited=\u00bbon|phone\u00bb header_4_letter_spacing_tablet=\u00bb\u00bb header_4_letter_spacing_phone=\u00bb\u00bb header_4_letter_spacing_last_edited=\u00bbon|tablet\u00bb header_4_line_height_tablet=\u00bb\u00bb header_4_line_height_phone=\u00bb\u00bb header_4_line_height_last_edited=\u00bbon|tablet\u00bb global_colors_info=\u00bb{}\u00bb]<\/p>\n<h4 style=\"text-align: center;\"><span style=\"color: #d30000;\">We are leaders<\/span> en el dise\u00f1o de proyectos<br \/> innovadores <span style=\"color: #d30000;\">of the real estate sector in Latin America.<\/span><\/h4>\n<p>[\/et_pb_text][et_pb_text _builder_version=\u00bb4.16&#8243; text_font=\u00bbMontserrat|300|||||||\u00bb text_text_color=\u00bb#000000&#8243; text_font_size=\u00bb22px\u00bb text_line_height=\u00bb1.6em\u00bb header_font=\u00bbMontserrat|||on|||||\u00bb header_text_color=\u00bb#ffffff\u00bb text_orientation=\u00bbcenter\u00bb custom_padding=\u00bb||||false|false\u00bb global_colors_info=\u00bb{}\u00bb]<\/p>\n<p>Desarrollos sustentados en la optimizaci\u00f3n del valor de la propiedad inmobiliaria a trav\u00e9s<br \/> de la innovaci\u00f3n a nivel arquitect\u00f3nico, programas de financiaci\u00f3n de alta flexibilidad,<br \/> y un respaldo que asesgura la tranquilidad a la hora de invertir.<\/p>\n<p>[\/et_pb_text][\/et_pb_column][\/et_pb_row][et_pb_row column_structure=\u00bb1_3,1_3,1_3&#8243; use_custom_gutter=\u00bbon\u00bb make_equal=\u00bbon\u00bb _builder_version=\u00bb4.16&#8243; border_width_bottom=\u00bb1px\u00bb border_color_bottom=\u00bb#a85555&#8243; global_colors_info=\u00bb{}\u00bb][et_pb_column type=\u00bb1_3&#8243; _builder_version=\u00bb4.16&#8243; global_colors_info=\u00bb{}\u00bb][et_pb_image src=\u00bbhttps:\/\/altius.com.uy\/wp-content\/uploads\/2025\/02\/IMG_1012_1200.jpg\u00bb show_in_lightbox=\u00bbon\u00bb _builder_version=\u00bb4.16&#8243; custom_margin=\u00bb0px||0px||false|false\u00bb global_colors_info=\u00bb{}\u00bb][\/et_pb_image][et_pb_image src=\u00bbhttps:\/\/altius.com.uy\/wp-content\/uploads\/2025\/02\/altos.svg\u00bb url=\u00bb#altos\u00bb show_bottom_space=\u00bboff\u00bb align=\u00bbcenter\u00bb _builder_version=\u00bb4.16&#8243; background_color=\u00bb#6bb8bd\u00bb module_alignment=\u00bbcenter\u00bb custom_margin=\u00bb0px||||false|false\u00bb custom_padding=\u00bb|50px||50px|false|false\u00bb global_colors_info=\u00bb{}\u00bb][\/et_pb_image][et_pb_text _builder_version=\u00bb4.27.4&#8243; text_text_color=\u00bb#636363&#8243; background_color=\u00bb#f7f7f7&#8243; custom_margin=\u00bb||||false|false\u00bb custom_padding=\u00bb40px|40px|40px|40px|false|false\u00bb border_width_bottom=\u00bb2px\u00bb border_color_bottom=\u00bb#17b2b7&#8243; global_colors_info=\u00bb{}\u00bb]<\/p>\n<p>En un predio de 9.000 m2, con m\u00e1s de 38.000 m2 construidos se levanta Altos del Libertador ofreciendo una amplia gama de opciones de apartamentos de acuerdo a las necesidades de cada familia.<\/p>\n<p>Apartamentos monoambientes, 1, 2, 3 dormitorios y exclusivos d\u00faplex, concebidos, dise\u00f1ados y construidos con la calidad y confort que una familia en el siglo XXI requiere para su disfrute m\u00e1s pleno, en espacios con alturas, terrazas y dimensiones \u00fanicas.<\/p>\n<p>Un proyecto con todo lo que so\u00f1aste vivir y disfrutar. Todos los servicios y la m\u00e1xima seguridad con los gastos comunes m\u00e1s bajos.<\/p>\n<p>Gran parque interior de 2.200 m2 de espacios a cielo abierto, amplia piscina exterior de medidas generosas y sol\u00e1rium para disfrutar en familia. \u00c1rea recreativa equipada con juegos para ni\u00f1os. V\u00ednculo espacial y visual directo con otros servicios. P\u00e9rgolas sombreadas y solariums.<\/p>\n<p>Cuatro barbacoas amplias situadas en el s\u00e9ptimo piso del edificio con excepcionales vistas hacia la Bah\u00eda de Montevideo, el Cerro, el Mercado Agr\u00edcola y la ciudad. Sala de musculaci\u00f3n y fitness con equipos de \u00faltima generaci\u00f3n y vista hacia el parque interior. Sal\u00f3n para ni\u00f1os con TV LCD, Wii y mesas infantiles. Lounge con TV Led ,mesa de pool y mesas de juego. Lavaderos. Internet WiFi en \u00e1reas de servicio y halles centrales.<\/p>\n<p>Sistemas de seguridad y comunicaciones. Tarjetas de Control de Acceso. Instalaci\u00f3n y equipamiento de c\u00e1maras de seguridad (Circuito Cerrado de TV) en accesos peatonales y vehiculares, \u00e1reas de servicio y halles de cada piso. Central telef\u00f3nica para comunicaci\u00f3n entre unidades, recepci\u00f3n, seguridad y \u00e1reas de servicio. Garages internos con control de acceso.<\/p>\n<p>[\/et_pb_text][\/et_pb_column][et_pb_column type=\u00bb1_3&#8243; _builder_version=\u00bb4.16&#8243; global_colors_info=\u00bb{}\u00bb][et_pb_image src=\u00bbhttps:\/\/altius.com.uy\/wp-content\/uploads\/2025\/02\/IMG_0230_1200.jpg\u00bb show_in_lightbox=\u00bbon\u00bb _builder_version=\u00bb4.16&#8243; custom_margin=\u00bb0px||0px||false|false\u00bb global_colors_info=\u00bb{}\u00bb][\/et_pb_image][et_pb_image src=\u00bbhttps:\/\/altius.com.uy\/wp-content\/uploads\/2025\/02\/Plaza-2.svg\u00bb url=\u00bb#altos\u00bb show_bottom_space=\u00bboff\u00bb force_fullwidth=\u00bbon\u00bb _builder_version=\u00bb4.16&#8243; background_color=\u00bbrgba(221,122,0,0.1)\u00bb module_alignment=\u00bbcenter\u00bb custom_margin=\u00bb0px||||false|false\u00bb custom_padding=\u00bb10px|70px|10px|70px|false|false\u00bb global_colors_info=\u00bb{}\u00bb][\/et_pb_image][et_pb_text _builder_version=\u00bb4.27.4&#8243; text_text_color=\u00bb#636363&#8243; background_color=\u00bb#f7f7f7&#8243; custom_margin=\u00bb||||false|false\u00bb custom_padding=\u00bb40px|40px|40px|40px|false|false\u00bb border_width_bottom=\u00bb2px\u00bb border_color_bottom=\u00bb#b56c00&#8243; global_colors_info=\u00bb{}\u00bb]<\/p>\n<p>Nostrum Plaza se encuentra ubicado en Defensa 1827 esq. S. Ferrer Serra en una privilegiada esquina de 4.000 m2 en Tres Cruces. Ha sido concebido como una combinaci\u00f3n equilibrada del m\u00e1s puro Dise\u00f1o para los individuos y familias que buscan vivir en torres que incorporan arte, confort, servicios y seguridad en uno de los puntos m\u00e1s estrat\u00e9gicos de la ciudad.<\/p>\n<p>El Dise\u00f1o incorporado en todos los elementos del proyecto se percibir\u00e1 a trav\u00e9s de todos los sentidos, permitiendo el m\u00e1ximo disfrute y hacer que t\u00fa y tu familia se sientan muy especiales. Las \u00e1reas verdes y espacios de recreaci\u00f3n al aire libre son \u00fanicas para un proyecto en el centro de la ciudad.<\/p>\n<p>Todos estos elementos sumados a los m\u00e1s diversos espacios culturales y de esparcimiento de la zona, lograr\u00e1n transformar a Nostrum Plaza en el centro de tu vida.<\/p>\n<p>El proyecto cuenta con un hall de doble altura, porter\u00eda las 24 hs., CCTV, amplio jard\u00edn interior con juegos para ni\u00f1os y zona fitness, media multi-cancha, cuatro Salones de Usos M\u00faltiples completamente equipados con parrillero y local comercial en PB .<\/p>\n<p>[\/et_pb_text][et_pb_image src=\u00bbhttps:\/\/altius.com.uy\/wp-content\/uploads\/2025\/02\/IMG_0572_1200.jpg\u00bb show_in_lightbox=\u00bbon\u00bb _builder_version=\u00bb4.16&#8243; custom_margin=\u00bb0px||0px||false|false\u00bb global_colors_info=\u00bb{}\u00bb][\/et_pb_image][et_pb_image src=\u00bbhttps:\/\/altius.com.uy\/wp-content\/uploads\/2025\/02\/Tower-1.svg\u00bb url=\u00bb#altos\u00bb show_bottom_space=\u00bboff\u00bb align=\u00bbcenter\u00bb _builder_version=\u00bb4.16&#8243; background_color=\u00bbrgba(239,199,0,0.16)\u00bb module_alignment=\u00bbcenter\u00bb custom_margin=\u00bb0px||||false|false\u00bb custom_padding=\u00bb|70px||70px|false|false\u00bb global_colors_info=\u00bb{}\u00bb][\/et_pb_image][et_pb_text _builder_version=\u00bb4.27.4&#8243; text_text_color=\u00bb#636363&#8243; background_color=\u00bb#f7f7f7&#8243; custom_margin=\u00bb||||false|false\u00bb custom_padding=\u00bb40px|40px|40px|40px|false|false\u00bb border_width_bottom=\u00bb2px\u00bb border_color_bottom=\u00bb#d3b300&#8243; global_colors_info=\u00bb{}\u00bb]<\/p>\n<p>Nostrum Tower esta ubicada en pleno barrio Cord\u00f3n, a s\u00f3lo 2 cuadras de Av. 18 de Julio, garantizando excelente conectividad y proximidad a todos los comercios y servicios p\u00fablicos y privados, incluyendo BPS, DGI, BHU, Universidades, Colegios, Centros de Salud y Clubes deportivos.<\/p>\n<p>Nostrum Tower tiene una altura de 20 pisos, destac\u00e1ndose en la trama urbana de la ciudad. Se ubica en un predio de 2000 m2 en Mercedes entre Arenal Grande y Fern\u00e1ndez Crespo. La Torre se desarrolla en tres niveles de subsuelo para garages, una Planta Baja de doble altura, 19 niveles de apartamentos, y el \u00faltimo nivel destinado a Salones de Usos M\u00faltiples con parrilleros y amplias terrazas de expansi\u00f3n. La mayor seguridad con CCTV y portero el\u00e9ctrico con control de acceso.<\/p>\n<p>En Planta Baja, se ubica un importante atrio que da la bienvenida al majestuoso Hall de entrada con doble altura con entrepiso y el nuevo local del supermercado Tienda Inglesa, agregando valor al proyecto y dot\u00e1ndoles a los residentes la facilidad de contar con uno de los principales supermercados del pa\u00eds que les brindar\u00e1 variedad de productos y servicios.<\/p>\n<p>Su inmejorable ubicaci\u00f3n en altura, proporciona las mejores vistas 360 de la Ciudad y de la Bah\u00eda de Montevideo.<\/p>\n<p>[\/et_pb_text][\/et_pb_column][et_pb_column type=\u00bb1_3&#8243; _builder_version=\u00bb4.16&#8243; global_colors_info=\u00bb{}\u00bb][et_pb_image src=\u00bbhttps:\/\/altius.com.uy\/wp-content\/uploads\/2025\/02\/Irka_Bracho_Ismael_Leoncini_1200.jpg\u00bb show_in_lightbox=\u00bbon\u00bb _builder_version=\u00bb4.16&#8243; custom_margin=\u00bb0px||0px||false|false\u00bb global_colors_info=\u00bb{}\u00bb][\/et_pb_image][et_pb_image src=\u00bbhttps:\/\/altius.com.uy\/wp-content\/uploads\/2025\/02\/Dieciocho_h2.svg\u00bb url=\u00bb#altos\u00bb show_bottom_space=\u00bboff\u00bb align=\u00bbcenter\u00bb force_fullwidth=\u00bbon\u00bb _builder_version=\u00bb4.16&#8243; background_color=\u00bbrgba(0,81,23,0.1)\u00bb module_alignment=\u00bbcenter\u00bb custom_margin=\u00bb||||false|false\u00bb custom_padding=\u00bb0px|30px|0px|30px|false|false\u00bb global_colors_info=\u00bb{}\u00bb][\/et_pb_image][et_pb_text _builder_version=\u00bb4.27.4&#8243; text_text_color=\u00bb#636363&#8243; background_color=\u00bb#f7f7f7&#8243; custom_margin=\u00bb||||false|false\u00bb custom_padding=\u00bb40px|40px|40px|40px|false|false\u00bb border_width_bottom=\u00bb2px\u00bb border_color_bottom=\u00bb#256d06&#8243; global_colors_info=\u00bb{}\u00bb]<\/p>\n<p>En la esquina de Av. 18 de Julio y Tacuaremb\u00f3, una de las m\u00e1s emblem\u00e1ticas de la ciudad, surge Nostrum Dieciocho.<\/p>\n<p>Nostrum Dieciocho es un torre ubicada en el coraz\u00f3n de la ciudad de Montevideo, enclave urbano \u00fanico, en la esquina de 18 de Julio y Tacuaremb\u00f3.<\/p>\n<p>Se encuentra en una zona consolidada y tradicional del centro de la ciudad, con excelentes vistas, servicios y cercan\u00edas a centros educativos.<\/p>\n<p>Con un dise\u00f1o vanguardista, el proyecto se desarrolla en 3 Torres. Las Torres 1 y 2, con frente a 18 de Julio, se desarrollan en una planta baja comercial, entrepiso con unidades de vivienda, 10 plantas tipo y galibo. La Torre 3, sobre Tacuaremb\u00f3, tambi\u00e9n consta de planta baja comercial, entrepiso con unidades de vivienda, 7 plantas tipo y galibo.<\/p>\n<p>Todas las Torres cuentan con Sal\u00f3n de Usos M\u00faltiples panor\u00e1micos en sus coronamientos y cuentan con acceso independiente a los garajes, con 83 plazas a ser comercializados de forma independiente.<\/p>\n<p>La Torre 1, consta de 44 unidades de vivienda, 42 de dos dormitorios y 2 de un dormitorio, realizadas con un cuidadoso dise\u00f1o espacial de forma de maximizar el \u00e1rea habitable.<\/p>\n<p>Los interiores se caracterizan por ser ambientes muy luminosos, con amplias vistas y proporciones agradables, facilitando el equipamiento de las unidades.<\/p>\n<p>En el nivel 12, se encuentra un Sal\u00f3n de Usos M\u00faltiples (SUM) con amplia terraza perimetral de expansi\u00f3n, sol\u00e1rium, parrillero, ba\u00f1o y cocina, todos equipados.<\/p>\n<p>Un lugar con vistas despejadas, desde donde se puede contemplar la ciudad tanto al norte como al sur hasta el Rio de la Plata, as\u00ed como los principales edificios ic\u00f3nicos que caracterizan la trama urbana de Montevideo.<\/p>\n<p>En el nivel de entrepiso, complementando los amenities del proyecto, se desarrolla un amplio patio urbano con sectores enjardinados; un espacio ideal para el esparcimiento de la familia y amigos en un entorno agradable y seguro.<\/p>\n<p>[\/et_pb_text][et_pb_image src=\u00bbhttps:\/\/altius.com.uy\/wp-content\/uploads\/2025\/02\/DSC_0015_1200.jpg\u00bb show_in_lightbox=\u00bbon\u00bb _builder_version=\u00bb4.16&#8243; custom_margin=\u00bb0px||0px||false|false\u00bb global_colors_info=\u00bb{}\u00bb][\/et_pb_image][et_pb_image src=\u00bbhttps:\/\/altius.com.uy\/wp-content\/uploads\/2025\/02\/altos.svg\u00bb url=\u00bb#altos\u00bb show_bottom_space=\u00bboff\u00bb align=\u00bbcenter\u00bb _builder_version=\u00bb4.16&#8243; background_color=\u00bb#6bb8bd\u00bb module_alignment=\u00bbcenter\u00bb custom_margin=\u00bb0px||||false|false\u00bb custom_padding=\u00bb|50px||50px|false|false\u00bb global_colors_info=\u00bb{}\u00bb][\/et_pb_image][et_pb_text _builder_version=\u00bb4.16&#8243; text_text_color=\u00bb#636363&#8243; background_color=\u00bb#f7f7f7&#8243; custom_margin=\u00bb||||false|false\u00bb custom_padding=\u00bb40px|40px|40px|40px|false|false\u00bb border_width_bottom=\u00bb2px\u00bb border_color_bottom=\u00bb#17b2b7&#8243; global_colors_info=\u00bb{}\u00bb]<\/p>\n<p>En un predio de 9.000 m2, con m\u00e1s de 38.000 m2 construidos se levanta Altos del Libertador ofreciendo una amplia gama de opciones de apartamentos de acuerdo a las necesidades de cada familia.<\/p>\n<p>Apartamentos monoambientes, 1, 2, 3 dormitorios y exclusivos d\u00faplex, concebidos, dise\u00f1ados y construidos con la calidad y confort que una familia en el siglo XXI requiere para su disfrute m\u00e1s pleno, en espacios con alturas, terrazas y dimensiones \u00fanicas.<\/p>\n<p>Un proyecto con todo lo que so\u00f1aste vivir y disfrutar. Todos los servicios y la m\u00e1xima seguridad con los gastos comunes m\u00e1s bajos.<\/p>\n<p>Gran parque interior de 2.200 m2 de espacios a cielo abierto, amplia piscina exterior de medidas generosas y sol\u00e1rium para disfrutar en familia. \u00c1rea recreativa equipada con juegos para ni\u00f1os. V\u00ednculo espacial y visual directo con otros servicios. P\u00e9rgolas sombreadas y solariums.<\/p>\n<p>Cuatro barbacoas amplias situadas en el s\u00e9ptimo piso del edificio con excepcionales vistas hacia la Bah\u00eda de Montevideo, el Cerro, el Mercado Agr\u00edcola y la ciudad. Sala de musculaci\u00f3n y fitness con equipos de \u00faltima generaci\u00f3n y vista hacia el parque interior. Sal\u00f3n para ni\u00f1os con TV LCD, Wii y mesas infantiles. Lounge con TV Led ,mesa de pool y mesas de juego. Lavaderos. Internet WiFi en \u00e1reas de servicio y halles centrales.<\/p>\n<p>Sistemas de seguridad y comunicaciones. Tarjetas de Control de Acceso. Instalaci\u00f3n y equipamiento de c\u00e1maras de seguridad (Circuito Cerrado de TV) en accesos peatonales y vehiculares, \u00e1reas de servicio y halles de cada piso. Central telef\u00f3nica para comunicaci\u00f3n entre unidades, recepci\u00f3n, seguridad y \u00e1reas de servicio. Garages internos con control de acceso.<\/p>\n<p>[\/et_pb_text][\/et_pb_column][\/et_pb_row][\/et_pb_section]<\/p>","protected":false},"excerpt":{"rendered":"<p>Sue\u00f1os cumplidosSomos l\u00edderes en el dise\u00f1o de proyectos innovadores del sector inmobiliario en Latinoam\u00e9rica.Desarrollos sustentados en la optimizaci\u00f3n del valor de la propiedad inmobiliaria a trav\u00e9s de la innovaci\u00f3n a nivel arquitect\u00f3nico, programas de financiaci\u00f3n de alta flexibilidad, y un respaldo que asesgura la tranquilidad a la hora de invertir.En un predio de 9.000 m2, [&hellip;]<\/p>","protected":false},"author":1,"featured_media":0,"parent":0,"menu_order":0,"comment_status":"closed","ping_status":"closed","template":"","meta":{"_acf_changed":false,"_et_pb_use_builder":"on","_et_pb_old_content":"","_et_gb_content_width":"","content-type":"","_joinchat":[],"footnotes":""},"class_list":["post-6821","page","type-page","status-publish","format-standard","hentry"],"acf":[],"yoast_head":"<!-- This site is optimized with the Yoast SEO Premium plugin v26.3 (Yoast SEO v26.4) - https:\/\/yoast.com\/wordpress\/plugins\/seo\/ -->\n<title>Sue\u00f1os cumplidos - Altius Group<\/title>\n<meta name=\"robots\" content=\"index, follow, max-snippet:-1, max-image-preview:large, max-video-preview:-1\" \/>\n<link rel=\"canonical\" href=\"https:\/\/altius.com.uy\/en\/suenos-cumplidos\/\" \/>\n<meta property=\"og:locale\" content=\"en_US\" \/>\n<meta property=\"og:type\" content=\"article\" \/>\n<meta property=\"og:title\" content=\"Sue\u00f1os cumplidos\" \/>\n<meta property=\"og:description\" content=\"Sue\u00f1os cumplidosSomos l\u00edderes en el dise\u00f1o de proyectos innovadores del sector inmobiliario en Latinoam\u00e9rica.Desarrollos sustentados en la optimizaci\u00f3n del valor de la propiedad inmobiliaria a trav\u00e9s de la innovaci\u00f3n a nivel arquitect\u00f3nico, programas de financiaci\u00f3n de alta flexibilidad, y un respaldo que asesgura la tranquilidad a la hora de invertir.En un predio de 9.000 m2, [&hellip;]\" \/>\n<meta property=\"og:url\" content=\"https:\/\/altius.com.uy\/en\/suenos-cumplidos\/\" \/>\n<meta property=\"og:site_name\" content=\"Altius Group\" \/>\n<meta property=\"article:publisher\" content=\"https:\/\/www.facebook.com\/altiusgroup\/?locale=es_LA\" \/>\n<meta property=\"article:modified_time\" content=\"2025-04-02T17:53:04+00:00\" \/>\n<meta name=\"twitter:card\" content=\"summary_large_image\" \/>\n<script type=\"application\/ld+json\" class=\"yoast-schema-graph\">{\"@context\":\"https:\/\/schema.org\",\"@graph\":[{\"@type\":\"WebPage\",\"@id\":\"https:\/\/altius.com.uy\/suenos-cumplidos\/\",\"url\":\"https:\/\/altius.com.uy\/suenos-cumplidos\/\",\"name\":\"Sue\u00f1os cumplidos - Altius Group\",\"isPartOf\":{\"@id\":\"https:\/\/altius.com.uy\/#website\"},\"datePublished\":\"2025-02-20T20:27:19+00:00\",\"dateModified\":\"2025-04-02T17:53:04+00:00\",\"breadcrumb\":{\"@id\":\"https:\/\/altius.com.uy\/suenos-cumplidos\/#breadcrumb\"},\"inLanguage\":\"en-US\",\"potentialAction\":[{\"@type\":\"ReadAction\",\"target\":[\"https:\/\/altius.com.uy\/suenos-cumplidos\/\"]}]},{\"@type\":\"BreadcrumbList\",\"@id\":\"https:\/\/altius.com.uy\/suenos-cumplidos\/#breadcrumb\",\"itemListElement\":[{\"@type\":\"ListItem\",\"position\":1,\"name\":\"Home\",\"item\":\"https:\/\/altius.com.uy\/\"},{\"@type\":\"ListItem\",\"position\":2,\"name\":\"Sue\u00f1os cumplidos\"}]},{\"@type\":\"WebSite\",\"@id\":\"https:\/\/altius.com.uy\/#website\",\"url\":\"https:\/\/altius.com.uy\/\",\"name\":\"Altius Group\",\"description\":\"CONSTRUIMOS\",\"publisher\":{\"@id\":\"https:\/\/altius.com.uy\/#organization\"},\"potentialAction\":[{\"@type\":\"SearchAction\",\"target\":{\"@type\":\"EntryPoint\",\"urlTemplate\":\"https:\/\/altius.com.uy\/?s={search_term_string}\"},\"query-input\":{\"@type\":\"PropertyValueSpecification\",\"valueRequired\":true,\"valueName\":\"search_term_string\"}}],\"inLanguage\":\"en-US\"},{\"@type\":\"Organization\",\"@id\":\"https:\/\/altius.com.uy\/#organization\",\"name\":\"Altius Group\",\"url\":\"https:\/\/altius.com.uy\/\",\"logo\":{\"@type\":\"ImageObject\",\"inLanguage\":\"en-US\",\"@id\":\"https:\/\/altius.com.uy\/#\/schema\/logo\/image\/\",\"url\":\"https:\/\/altius.com.uy\/wp-content\/uploads\/2025\/02\/cropped-512x512-1.png\",\"contentUrl\":\"https:\/\/altius.com.uy\/wp-content\/uploads\/2025\/02\/cropped-512x512-1.png\",\"width\":512,\"height\":512,\"caption\":\"Altius Group\"},\"image\":{\"@id\":\"https:\/\/altius.com.uy\/#\/schema\/logo\/image\/\"},\"sameAs\":[\"https:\/\/www.facebook.com\/altiusgroup\/?locale=es_LA\",\"https:\/\/www.instagram.com\/altius.group\/\",\"https:\/\/uy.linkedin.com\/company\/altius-group-uruguay\",\"https:\/\/www.youtube.com\/channel\/UCb8lYddbc0jewUUaD6VFyUA\"]}]}<\/script>\n<!-- \/ Yoast SEO Premium plugin. -->","yoast_head_json":{"title":"Sue\u00f1os cumplidos - Altius Group","robots":{"index":"index","follow":"follow","max-snippet":"max-snippet:-1","max-image-preview":"max-image-preview:large","max-video-preview":"max-video-preview:-1"},"canonical":"https:\/\/altius.com.uy\/en\/suenos-cumplidos\/","og_locale":"en_US","og_type":"article","og_title":"Sue\u00f1os cumplidos","og_description":"Sue\u00f1os cumplidosSomos l\u00edderes en el dise\u00f1o de proyectos innovadores del sector inmobiliario en Latinoam\u00e9rica.Desarrollos sustentados en la optimizaci\u00f3n del valor de la propiedad inmobiliaria a trav\u00e9s de la innovaci\u00f3n a nivel arquitect\u00f3nico, programas de financiaci\u00f3n de alta flexibilidad, y un respaldo que asesgura la tranquilidad a la hora de invertir.En un predio de 9.000 m2, [&hellip;]","og_url":"https:\/\/altius.com.uy\/en\/suenos-cumplidos\/","og_site_name":"Altius Group","article_publisher":"https:\/\/www.facebook.com\/altiusgroup\/?locale=es_LA","article_modified_time":"2025-04-02T17:53:04+00:00","twitter_card":"summary_large_image","schema":{"@context":"https:\/\/schema.org","@graph":[{"@type":"WebPage","@id":"https:\/\/altius.com.uy\/suenos-cumplidos\/","url":"https:\/\/altius.com.uy\/suenos-cumplidos\/","name":"Sue\u00f1os cumplidos - Altius Group","isPartOf":{"@id":"https:\/\/altius.com.uy\/#website"},"datePublished":"2025-02-20T20:27:19+00:00","dateModified":"2025-04-02T17:53:04+00:00","breadcrumb":{"@id":"https:\/\/altius.com.uy\/suenos-cumplidos\/#breadcrumb"},"inLanguage":"en-US","potentialAction":[{"@type":"ReadAction","target":["https:\/\/altius.com.uy\/suenos-cumplidos\/"]}]},{"@type":"BreadcrumbList","@id":"https:\/\/altius.com.uy\/suenos-cumplidos\/#breadcrumb","itemListElement":[{"@type":"ListItem","position":1,"name":"Home","item":"https:\/\/altius.com.uy\/"},{"@type":"ListItem","position":2,"name":"Sue\u00f1os cumplidos"}]},{"@type":"WebSite","@id":"https:\/\/altius.com.uy\/#website","url":"https:\/\/altius.com.uy\/","name":"Altius Group","description":"CONSTRUIMOS","publisher":{"@id":"https:\/\/altius.com.uy\/#organization"},"potentialAction":[{"@type":"SearchAction","target":{"@type":"EntryPoint","urlTemplate":"https:\/\/altius.com.uy\/?s={search_term_string}"},"query-input":{"@type":"PropertyValueSpecification","valueRequired":true,"valueName":"search_term_string"}}],"inLanguage":"en-US"},{"@type":"Organization","@id":"https:\/\/altius.com.uy\/#organization","name":"Altius Group","url":"https:\/\/altius.com.uy\/","logo":{"@type":"ImageObject","inLanguage":"en-US","@id":"https:\/\/altius.com.uy\/#\/schema\/logo\/image\/","url":"https:\/\/altius.com.uy\/wp-content\/uploads\/2025\/02\/cropped-512x512-1.png","contentUrl":"https:\/\/altius.com.uy\/wp-content\/uploads\/2025\/02\/cropped-512x512-1.png","width":512,"height":512,"caption":"Altius Group"},"image":{"@id":"https:\/\/altius.com.uy\/#\/schema\/logo\/image\/"},"sameAs":["https:\/\/www.facebook.com\/altiusgroup\/?locale=es_LA","https:\/\/www.instagram.com\/altius.group\/","https:\/\/uy.linkedin.com\/company\/altius-group-uruguay","https:\/\/www.youtube.com\/channel\/UCb8lYddbc0jewUUaD6VFyUA"]}]}},"_links":{"self":[{"href":"https:\/\/altius.com.uy\/en\/wp-json\/wp\/v2\/pages\/6821","targetHints":{"allow":["GET"]}}],"collection":[{"href":"https:\/\/altius.com.uy\/en\/wp-json\/wp\/v2\/pages"}],"about":[{"href":"https:\/\/altius.com.uy\/en\/wp-json\/wp\/v2\/types\/page"}],"author":[{"embeddable":true,"href":"https:\/\/altius.com.uy\/en\/wp-json\/wp\/v2\/users\/1"}],"replies":[{"embeddable":true,"href":"https:\/\/altius.com.uy\/en\/wp-json\/wp\/v2\/comments?post=6821"}],"version-history":[{"count":0,"href":"https:\/\/altius.com.uy\/en\/wp-json\/wp\/v2\/pages\/6821\/revisions"}],"wp:attachment":[{"href":"https:\/\/altius.com.uy\/en\/wp-json\/wp\/v2\/media?parent=6821"}],"curies":[{"name":"wp","href":"https:\/\/api.w.org\/{rel}","templated":true}]}}